{"id":348,"date":"2025-09-13T03:19:13","date_gmt":"2025-09-13T03:19:13","guid":{"rendered":"https:\/\/santiagoballers.cl\/?page_id=348"},"modified":"2025-09-13T03:22:06","modified_gmt":"2025-09-13T03:22:06","slug":"sub-11","status":"publish","type":"page","link":"https:\/\/santiagoballers.cl\/index.php\/sub-11\/","title":{"rendered":"Sub 11"},"content":{"rendered":"\n<h2 class=\"wp-block-heading\">Peque\u00f1os Gigantes los Sub 11<\/h2>\n\n\n\n<p>Conoce a nuestros &#8220;Peque\u00f1os Gigantes&#8221;, el equipo Sub-11 que est\u00e1 demostrando que la edad es solo un n\u00famero cuando se trata de dedicaci\u00f3n, trabajo en equipo y, sobre todo, mucha diversi\u00f3n.<\/p>\n\n\n\n<p>Desde el primer bote del bal\u00f3n hasta el \u00faltimo tiro a canasta, estos j\u00f3venes atletas nos recuerdan lo emocionante que puede ser el deporte. Cada entrenamiento es una oportunidad para aprender, mejorar y, lo m\u00e1s importante, construir amistades duraderas. Verlos en la cancha es ser testigo de pura energ\u00eda y entusiasmo, contagiando a cada persona que los observa.<\/p>\n\n\n\n<div class=\"wp-block-jetpack-slideshow aligncenter\" data-effect=\"slide\" style=\"--aspect-ratio:calc(1370 \/ 978)\"><div class=\"wp-block-jetpack-slideshow_container swiper\"><ul class=\"wp-block-jetpack-slideshow_swiper-wrapper swiper-wrapper\"><li class=\"wp-block-jetpack-slideshow_slide swiper-slide\"><figure><img loading=\"lazy\" decoding=\"async\" width=\"1370\" height=\"978\" alt=\"\" class=\"wp-block-jetpack-slideshow_image wp-image-354\" data-id=\"354\" data-aspect-ratio=\"1370 \/ 978\" src=\"https:\/\/santiagoballers.cl\/wp-content\/uploads\/2025\/09\/Captura-de-pantalla-2025-09-12-a-las-11.33.39-p.m.png\" srcset=\"https:\/\/santiagoballers.cl\/wp-content\/uploads\/2025\/09\/Captura-de-pantalla-2025-09-12-a-las-11.33.39-p.m.png 1370w, https:\/\/santiagoballers.cl\/wp-content\/uploads\/2025\/09\/Captura-de-pantalla-2025-09-12-a-las-11.33.39-p.m-300x214.png 300w, https:\/\/santiagoballers.cl\/wp-content\/uploads\/2025\/09\/Captura-de-pantalla-2025-09-12-a-las-11.33.39-p.m-1024x731.png 1024w, https:\/\/santiagoballers.cl\/wp-content\/uploads\/2025\/09\/Captura-de-pantalla-2025-09-12-a-las-11.33.39-p.m-768x548.png 768w\" sizes=\"auto, (max-width: 1370px) 100vw, 1370px\" \/><\/figure><\/li><li class=\"wp-block-jetpack-slideshow_slide swiper-slide\"><figure><img loading=\"lazy\" decoding=\"async\" width=\"1422\" height=\"1106\" alt=\"\" class=\"wp-block-jetpack-slideshow_image wp-image-357\" data-id=\"357\" data-aspect-ratio=\"1422 \/ 1106\" src=\"https:\/\/santiagoballers.cl\/wp-content\/uploads\/2025\/09\/Captura-de-pantalla-2025-09-12-a-las-11.35.01-p.m.png\" srcset=\"https:\/\/santiagoballers.cl\/wp-content\/uploads\/2025\/09\/Captura-de-pantalla-2025-09-12-a-las-11.35.01-p.m.png 1422w, https:\/\/santiagoballers.cl\/wp-content\/uploads\/2025\/09\/Captura-de-pantalla-2025-09-12-a-las-11.35.01-p.m-300x233.png 300w, https:\/\/santiagoballers.cl\/wp-content\/uploads\/2025\/09\/Captura-de-pantalla-2025-09-12-a-las-11.35.01-p.m-1024x796.png 1024w, https:\/\/santiagoballers.cl\/wp-content\/uploads\/2025\/09\/Captura-de-pantalla-2025-09-12-a-las-11.35.01-p.m-768x597.png 768w\" sizes=\"auto, (max-width: 1422px) 100vw, 1422px\" \/><\/figure><\/li><li class=\"wp-block-jetpack-slideshow_slide swiper-slide\"><figure><img loading=\"lazy\" decoding=\"async\" width=\"1366\" height=\"1144\" alt=\"\" class=\"wp-block-jetpack-slideshow_image wp-image-356\" data-id=\"356\" data-aspect-ratio=\"1366 \/ 1144\" src=\"https:\/\/santiagoballers.cl\/wp-content\/uploads\/2025\/09\/Captura-de-pantalla-2025-09-12-a-las-11.34.37-p.m.png\" srcset=\"https:\/\/santiagoballers.cl\/wp-content\/uploads\/2025\/09\/Captura-de-pantalla-2025-09-12-a-las-11.34.37-p.m.png 1366w, https:\/\/santiagoballers.cl\/wp-content\/uploads\/2025\/09\/Captura-de-pantalla-2025-09-12-a-las-11.34.37-p.m-300x251.png 300w, https:\/\/santiagoballers.cl\/wp-content\/uploads\/2025\/09\/Captura-de-pantalla-2025-09-12-a-las-11.34.37-p.m-1024x858.png 1024w, https:\/\/santiagoballers.cl\/wp-content\/uploads\/2025\/09\/Captura-de-pantalla-2025-09-12-a-las-11.34.37-p.m-768x643.png 768w\" sizes=\"auto, (max-width: 1366px) 100vw, 1366px\" \/><\/figure><\/li><li class=\"wp-block-jetpack-slideshow_slide swiper-slide\"><figure><img loading=\"lazy\" decoding=\"async\" width=\"1404\" height=\"978\" alt=\"\" class=\"wp-block-jetpack-slideshow_image wp-image-351\" data-id=\"351\" data-aspect-ratio=\"1404 \/ 978\" src=\"https:\/\/santiagoballers.cl\/wp-content\/uploads\/2025\/09\/Captura-de-pantalla-2025-09-12-a-las-11.32.42-p.m.png\" srcset=\"https:\/\/santiagoballers.cl\/wp-content\/uploads\/2025\/09\/Captura-de-pantalla-2025-09-12-a-las-11.32.42-p.m.png 1404w, https:\/\/santiagoballers.cl\/wp-content\/uploads\/2025\/09\/Captura-de-pantalla-2025-09-12-a-las-11.32.42-p.m-300x209.png 300w, https:\/\/santiagoballers.cl\/wp-content\/uploads\/2025\/09\/Captura-de-pantalla-2025-09-12-a-las-11.32.42-p.m-1024x713.png 1024w, https:\/\/santiagoballers.cl\/wp-content\/uploads\/2025\/09\/Captura-de-pantalla-2025-09-12-a-las-11.32.42-p.m-768x535.png 768w\" sizes=\"auto, (max-width: 1404px) 100vw, 1404px\" \/><\/figure><\/li><li class=\"wp-block-jetpack-slideshow_slide swiper-slide\"><figure><img loading=\"lazy\" decoding=\"async\" width=\"1404\" height=\"978\" alt=\"\" class=\"wp-block-jetpack-slideshow_image wp-image-352\" data-id=\"352\" data-aspect-ratio=\"1404 \/ 978\" src=\"https:\/\/santiagoballers.cl\/wp-content\/uploads\/2025\/09\/Captura-de-pantalla-2025-09-12-a-las-11.33.00-p.m.png\" srcset=\"https:\/\/santiagoballers.cl\/wp-content\/uploads\/2025\/09\/Captura-de-pantalla-2025-09-12-a-las-11.33.00-p.m.png 1404w, https:\/\/santiagoballers.cl\/wp-content\/uploads\/2025\/09\/Captura-de-pantalla-2025-09-12-a-las-11.33.00-p.m-300x209.png 300w, https:\/\/santiagoballers.cl\/wp-content\/uploads\/2025\/09\/Captura-de-pantalla-2025-09-12-a-las-11.33.00-p.m-1024x713.png 1024w, https:\/\/santiagoballers.cl\/wp-content\/uploads\/2025\/09\/Captura-de-pantalla-2025-09-12-a-las-11.33.00-p.m-768x535.png 768w\" sizes=\"auto, (max-width: 1404px) 100vw, 1404px\" \/><\/figure><\/li><li class=\"wp-block-jetpack-slideshow_slide swiper-slide\"><figure><img loading=\"lazy\" decoding=\"async\" width=\"1404\" height=\"978\" alt=\"\" class=\"wp-block-jetpack-slideshow_image wp-image-353\" data-id=\"353\" data-aspect-ratio=\"1404 \/ 978\" src=\"https:\/\/santiagoballers.cl\/wp-content\/uploads\/2025\/09\/Captura-de-pantalla-2025-09-12-a-las-11.33.06-p.m.png\" srcset=\"https:\/\/santiagoballers.cl\/wp-content\/uploads\/2025\/09\/Captura-de-pantalla-2025-09-12-a-las-11.33.06-p.m.png 1404w, https:\/\/santiagoballers.cl\/wp-content\/uploads\/2025\/09\/Captura-de-pantalla-2025-09-12-a-las-11.33.06-p.m-300x209.png 300w, https:\/\/santiagoballers.cl\/wp-content\/uploads\/2025\/09\/Captura-de-pantalla-2025-09-12-a-las-11.33.06-p.m-1024x713.png 1024w, https:\/\/santiagoballers.cl\/wp-content\/uploads\/2025\/09\/Captura-de-pantalla-2025-09-12-a-las-11.33.06-p.m-768x535.png 768w\" sizes=\"auto, (max-width: 1404px) 100vw, 1404px\" \/><\/figure><\/li><li class=\"wp-block-jetpack-slideshow_slide swiper-slide\"><figure><img loading=\"lazy\" decoding=\"async\" width=\"1370\" height=\"1022\" alt=\"\" class=\"wp-block-jetpack-slideshow_image wp-image-355\" data-id=\"355\" data-aspect-ratio=\"1370 \/ 1022\" src=\"https:\/\/santiagoballers.cl\/wp-content\/uploads\/2025\/09\/Captura-de-pantalla-2025-09-12-a-las-11.34.00-p.m.png\" srcset=\"https:\/\/santiagoballers.cl\/wp-content\/uploads\/2025\/09\/Captura-de-pantalla-2025-09-12-a-las-11.34.00-p.m.png 1370w, https:\/\/santiagoballers.cl\/wp-content\/uploads\/2025\/09\/Captura-de-pantalla-2025-09-12-a-las-11.34.00-p.m-300x224.png 300w, https:\/\/santiagoballers.cl\/wp-content\/uploads\/2025\/09\/Captura-de-pantalla-2025-09-12-a-las-11.34.00-p.m-1024x764.png 1024w, https:\/\/santiagoballers.cl\/wp-content\/uploads\/2025\/09\/Captura-de-pantalla-2025-09-12-a-las-11.34.00-p.m-768x573.png 768w\" sizes=\"auto, (max-width: 1370px) 100vw, 1370px\" \/><\/figure><\/li><li class=\"wp-block-jetpack-slideshow_slide swiper-slide\"><figure><img loading=\"lazy\" decoding=\"async\" width=\"1426\" height=\"924\" alt=\"\" class=\"wp-block-jetpack-slideshow_image wp-image-350\" data-id=\"350\" data-aspect-ratio=\"1426 \/ 924\" src=\"https:\/\/santiagoballers.cl\/wp-content\/uploads\/2025\/09\/Captura-de-pantalla-2025-09-12-a-las-11.32.11-p.m.png\" srcset=\"https:\/\/santiagoballers.cl\/wp-content\/uploads\/2025\/09\/Captura-de-pantalla-2025-09-12-a-las-11.32.11-p.m.png 1426w, https:\/\/santiagoballers.cl\/wp-content\/uploads\/2025\/09\/Captura-de-pantalla-2025-09-12-a-las-11.32.11-p.m-300x194.png 300w, https:\/\/santiagoballers.cl\/wp-content\/uploads\/2025\/09\/Captura-de-pantalla-2025-09-12-a-las-11.32.11-p.m-1024x664.png 1024w, https:\/\/santiagoballers.cl\/wp-content\/uploads\/2025\/09\/Captura-de-pantalla-2025-09-12-a-las-11.32.11-p.m-768x498.png 768w\" sizes=\"auto, (max-width: 1426px) 100vw, 1426px\" \/><\/figure><\/li><li class=\"wp-block-jetpack-slideshow_slide swiper-slide\"><figure><img loading=\"lazy\" decoding=\"async\" width=\"1492\" height=\"868\" alt=\"\" class=\"wp-block-jetpack-slideshow_image wp-image-349\" data-id=\"349\" data-aspect-ratio=\"1492 \/ 868\" src=\"https:\/\/santiagoballers.cl\/wp-content\/uploads\/2025\/09\/Captura-de-pantalla-2025-09-12-a-las-11.31.51-p.m.png\" srcset=\"https:\/\/santiagoballers.cl\/wp-content\/uploads\/2025\/09\/Captura-de-pantalla-2025-09-12-a-las-11.31.51-p.m.png 1492w, https:\/\/santiagoballers.cl\/wp-content\/uploads\/2025\/09\/Captura-de-pantalla-2025-09-12-a-las-11.31.51-p.m-300x175.png 300w, https:\/\/santiagoballers.cl\/wp-content\/uploads\/2025\/09\/Captura-de-pantalla-2025-09-12-a-las-11.31.51-p.m-1024x596.png 1024w, https:\/\/santiagoballers.cl\/wp-content\/uploads\/2025\/09\/Captura-de-pantalla-2025-09-12-a-las-11.31.51-p.m-768x447.png 768w\" sizes=\"auto, (max-width: 1492px) 100vw, 1492px\" \/><\/figure><\/li><\/ul><a class=\"wp-block-jetpack-slideshow_button-prev swiper-button-prev swiper-button-white\" role=\"button\"><\/a><a class=\"wp-block-jetpack-slideshow_button-next swiper-button-next swiper-button-white\" role=\"button\"><\/a><a aria-label=\"Pause Slideshow\" class=\"wp-block-jetpack-slideshow_button-pause\" role=\"button\"><\/a><div class=\"wp-block-jetpack-slideshow_pagination swiper-pagination swiper-pagination-white\"><\/div><\/div><\/div>\n","protected":false},"excerpt":{"rendered":"<p>Peque\u00f1os Gigantes los Sub 11 Conoce a nuestros &#8220;Peque\u00f1os Gigantes&#8221;, el equipo Sub-11 que est\u00e1 demostrando que la edad es solo un n\u00famero cuando se trata de dedicaci\u00f3n, trabajo en equipo y, sobre todo, mucha diversi\u00f3n. Desde el primer bote del bal\u00f3n hasta el \u00faltimo tiro a canasta, estos j\u00f3venes atletas nos recuerdan lo emocionante [&hellip;]<\/p>\n","protected":false},"author":1,"featured_media":0,"parent":0,"menu_order":0,"comment_status":"closed","ping_status":"closed","template":"","meta":{"_uag_custom_page_level_css":"","footnotes":""},"class_list":["post-348","page","type-page","status-publish","hentry"],"yoast_head":"<!-- This site is optimized with the Yoast SEO plugin v25.9 - https:\/\/yoast.com\/wordpress\/plugins\/seo\/ -->\n<title>Sub 11 - Club de Basquetball Santiago Ballers Macul<\/title>\n<meta name=\"robots\" content=\"index, follow, max-snippet:-1, max-image-preview:large, max-video-preview:-1\" \/>\n<link rel=\"canonical\" href=\"https:\/\/santiagoballers.cl\/index.php\/sub-11\/\" \/>\n<meta property=\"og:locale\" content=\"es_ES\" \/>\n<meta property=\"og:type\" content=\"article\" \/>\n<meta property=\"og:title\" content=\"Sub 11 - Club de Basquetball Santiago Ballers Macul\" \/>\n<meta property=\"og:description\" content=\"Peque\u00f1os Gigantes los Sub 11 Conoce a nuestros &#8220;Peque\u00f1os Gigantes&#8221;, el equipo Sub-11 que est\u00e1 demostrando que la edad es solo un n\u00famero cuando se trata de dedicaci\u00f3n, trabajo en equipo y, sobre todo, mucha diversi\u00f3n. Desde el primer bote del bal\u00f3n hasta el \u00faltimo tiro a canasta, estos j\u00f3venes atletas nos recuerdan lo emocionante [&hellip;]\" \/>\n<meta property=\"og:url\" content=\"https:\/\/santiagoballers.cl\/index.php\/sub-11\/\" \/>\n<meta property=\"og:site_name\" content=\"Club de Basquetball Santiago Ballers Macul\" \/>\n<meta property=\"article:modified_time\" content=\"2025-09-13T03:22:06+00:00\" \/>\n<meta property=\"og:image\" content=\"https:\/\/santiagoballers.cl\/wp-content\/uploads\/2025\/09\/Captura-de-pantalla-2025-09-12-a-las-11.33.39-p.m-1024x731.png\" \/>\n\t<meta property=\"og:image:width\" content=\"1024\" \/>\n\t<meta property=\"og:image:height\" content=\"731\" \/>\n\t<meta property=\"og:image:type\" content=\"image\/png\" \/>\n<meta name=\"twitter:card\" content=\"summary_large_image\" \/>\n<meta name=\"twitter:label1\" content=\"Tiempo estimado de lectura\" \/>\n\t<meta name=\"twitter:data1\" content=\"3 minutos\" \/>\n<script type=\"application\/ld+json\" class=\"yoast-schema-graph\">{\"@context\":\"https:\/\/schema.org\",\"@graph\":[{\"@type\":\"WebPage\",\"@id\":\"https:\/\/santiagoballers.cl\/index.php\/sub-11\/\",\"url\":\"https:\/\/santiagoballers.cl\/index.php\/sub-11\/\",\"name\":\"Sub 11 - Club de Basquetball Santiago Ballers Macul\",\"isPartOf\":{\"@id\":\"https:\/\/santiagoballers.cl\/#website\"},\"primaryImageOfPage\":{\"@id\":\"https:\/\/santiagoballers.cl\/index.php\/sub-11\/#primaryimage\"},\"image\":{\"@id\":\"https:\/\/santiagoballers.cl\/index.php\/sub-11\/#primaryimage\"},\"thumbnailUrl\":\"https:\/\/santiagoballers.cl\/wp-content\/uploads\/2025\/09\/Captura-de-pantalla-2025-09-12-a-las-11.33.39-p.m.png\",\"datePublished\":\"2025-09-13T03:19:13+00:00\",\"dateModified\":\"2025-09-13T03:22:06+00:00\",\"breadcrumb\":{\"@id\":\"https:\/\/santiagoballers.cl\/index.php\/sub-11\/#breadcrumb\"},\"inLanguage\":\"es-CL\",\"potentialAction\":[{\"@type\":\"ReadAction\",\"target\":[\"https:\/\/santiagoballers.cl\/index.php\/sub-11\/\"]}]},{\"@type\":\"ImageObject\",\"inLanguage\":\"es-CL\",\"@id\":\"https:\/\/santiagoballers.cl\/index.php\/sub-11\/#primaryimage\",\"url\":\"https:\/\/santiagoballers.cl\/wp-content\/uploads\/2025\/09\/Captura-de-pantalla-2025-09-12-a-las-11.33.39-p.m.png\",\"contentUrl\":\"https:\/\/santiagoballers.cl\/wp-content\/uploads\/2025\/09\/Captura-de-pantalla-2025-09-12-a-las-11.33.39-p.m.png\",\"width\":1370,\"height\":978},{\"@type\":\"BreadcrumbList\",\"@id\":\"https:\/\/santiagoballers.cl\/index.php\/sub-11\/#breadcrumb\",\"itemListElement\":[{\"@type\":\"ListItem\",\"position\":1,\"name\":\"Portada\",\"item\":\"https:\/\/santiagoballers.cl\/\"},{\"@type\":\"ListItem\",\"position\":2,\"name\":\"Sub 11\"}]},{\"@type\":\"WebSite\",\"@id\":\"https:\/\/santiagoballers.cl\/#website\",\"url\":\"https:\/\/santiagoballers.cl\/\",\"name\":\"Club de Basquetball Santiago Ballers Macul\",\"description\":\"Direccion: Los Profetas 3987, Macul Telefono +56-959118186\",\"publisher\":{\"@id\":\"https:\/\/santiagoballers.cl\/#organization\"},\"potentialAction\":[{\"@type\":\"SearchAction\",\"target\":{\"@type\":\"EntryPoint\",\"urlTemplate\":\"https:\/\/santiagoballers.cl\/?s={search_term_string}\"},\"query-input\":{\"@type\":\"PropertyValueSpecification\",\"valueRequired\":true,\"valueName\":\"search_term_string\"}}],\"inLanguage\":\"es-CL\"},{\"@type\":\"Organization\",\"@id\":\"https:\/\/santiagoballers.cl\/#organization\",\"name\":\"Club de Basquetball Santiago Ballers Macul\",\"url\":\"https:\/\/santiagoballers.cl\/\",\"logo\":{\"@type\":\"ImageObject\",\"inLanguage\":\"es-CL\",\"@id\":\"https:\/\/santiagoballers.cl\/#\/schema\/logo\/image\/\",\"url\":\"https:\/\/santiagoballers.cl\/wp-content\/uploads\/2024\/08\/cropped-cropped-loga_ballers_act.png\",\"contentUrl\":\"https:\/\/santiagoballers.cl\/wp-content\/uploads\/2024\/08\/cropped-cropped-loga_ballers_act.png\",\"width\":210,\"height\":313,\"caption\":\"Club de Basquetball Santiago Ballers Macul\"},\"image\":{\"@id\":\"https:\/\/santiagoballers.cl\/#\/schema\/logo\/image\/\"}}]}<\/script>\n<!-- \/ Yoast SEO plugin. -->","yoast_head_json":{"title":"Sub 11 - Club de Basquetball Santiago Ballers Macul","robots":{"index":"index","follow":"follow","max-snippet":"max-snippet:-1","max-image-preview":"max-image-preview:large","max-video-preview":"max-video-preview:-1"},"canonical":"https:\/\/santiagoballers.cl\/index.php\/sub-11\/","og_locale":"es_ES","og_type":"article","og_title":"Sub 11 - Club de Basquetball Santiago Ballers Macul","og_description":"Peque\u00f1os Gigantes los Sub 11 Conoce a nuestros &#8220;Peque\u00f1os Gigantes&#8221;, el equipo Sub-11 que est\u00e1 demostrando que la edad es solo un n\u00famero cuando se trata de dedicaci\u00f3n, trabajo en equipo y, sobre todo, mucha diversi\u00f3n. Desde el primer bote del bal\u00f3n hasta el \u00faltimo tiro a canasta, estos j\u00f3venes atletas nos recuerdan lo emocionante [&hellip;]","og_url":"https:\/\/santiagoballers.cl\/index.php\/sub-11\/","og_site_name":"Club de Basquetball Santiago Ballers Macul","article_modified_time":"2025-09-13T03:22:06+00:00","og_image":[{"width":1024,"height":731,"url":"https:\/\/santiagoballers.cl\/wp-content\/uploads\/2025\/09\/Captura-de-pantalla-2025-09-12-a-las-11.33.39-p.m-1024x731.png","type":"image\/png"}],"twitter_card":"summary_large_image","twitter_misc":{"Tiempo estimado de lectura":"3 minutos"},"schema":{"@context":"https:\/\/schema.org","@graph":[{"@type":"WebPage","@id":"https:\/\/santiagoballers.cl\/index.php\/sub-11\/","url":"https:\/\/santiagoballers.cl\/index.php\/sub-11\/","name":"Sub 11 - Club de Basquetball Santiago Ballers Macul","isPartOf":{"@id":"https:\/\/santiagoballers.cl\/#website"},"primaryImageOfPage":{"@id":"https:\/\/santiagoballers.cl\/index.php\/sub-11\/#primaryimage"},"image":{"@id":"https:\/\/santiagoballers.cl\/index.php\/sub-11\/#primaryimage"},"thumbnailUrl":"https:\/\/santiagoballers.cl\/wp-content\/uploads\/2025\/09\/Captura-de-pantalla-2025-09-12-a-las-11.33.39-p.m.png","datePublished":"2025-09-13T03:19:13+00:00","dateModified":"2025-09-13T03:22:06+00:00","breadcrumb":{"@id":"https:\/\/santiagoballers.cl\/index.php\/sub-11\/#breadcrumb"},"inLanguage":"es-CL","potentialAction":[{"@type":"ReadAction","target":["https:\/\/santiagoballers.cl\/index.php\/sub-11\/"]}]},{"@type":"ImageObject","inLanguage":"es-CL","@id":"https:\/\/santiagoballers.cl\/index.php\/sub-11\/#primaryimage","url":"https:\/\/santiagoballers.cl\/wp-content\/uploads\/2025\/09\/Captura-de-pantalla-2025-09-12-a-las-11.33.39-p.m.png","contentUrl":"https:\/\/santiagoballers.cl\/wp-content\/uploads\/2025\/09\/Captura-de-pantalla-2025-09-12-a-las-11.33.39-p.m.png","width":1370,"height":978},{"@type":"BreadcrumbList","@id":"https:\/\/santiagoballers.cl\/index.php\/sub-11\/#breadcrumb","itemListElement":[{"@type":"ListItem","position":1,"name":"Portada","item":"https:\/\/santiagoballers.cl\/"},{"@type":"ListItem","position":2,"name":"Sub 11"}]},{"@type":"WebSite","@id":"https:\/\/santiagoballers.cl\/#website","url":"https:\/\/santiagoballers.cl\/","name":"Club de Basquetball Santiago Ballers Macul","description":"Direccion: Los Profetas 3987, Macul Telefono +56-959118186","publisher":{"@id":"https:\/\/santiagoballers.cl\/#organization"},"potentialAction":[{"@type":"SearchAction","target":{"@type":"EntryPoint","urlTemplate":"https:\/\/santiagoballers.cl\/?s={search_term_string}"},"query-input":{"@type":"PropertyValueSpecification","valueRequired":true,"valueName":"search_term_string"}}],"inLanguage":"es-CL"},{"@type":"Organization","@id":"https:\/\/santiagoballers.cl\/#organization","name":"Club de Basquetball Santiago Ballers Macul","url":"https:\/\/santiagoballers.cl\/","logo":{"@type":"ImageObject","inLanguage":"es-CL","@id":"https:\/\/santiagoballers.cl\/#\/schema\/logo\/image\/","url":"https:\/\/santiagoballers.cl\/wp-content\/uploads\/2024\/08\/cropped-cropped-loga_ballers_act.png","contentUrl":"https:\/\/santiagoballers.cl\/wp-content\/uploads\/2024\/08\/cropped-cropped-loga_ballers_act.png","width":210,"height":313,"caption":"Club de Basquetball Santiago Ballers Macul"},"image":{"@id":"https:\/\/santiagoballers.cl\/#\/schema\/logo\/image\/"}}]}},"uagb_featured_image_src":{"full":false,"thumbnail":false,"medium":false,"medium_large":false,"large":false,"1536x1536":false,"2048x2048":false},"uagb_author_info":{"display_name":"admin","author_link":"https:\/\/santiagoballers.cl\/index.php\/author\/admin_c43z0jw9\/"},"uagb_comment_info":0,"uagb_excerpt":"Peque\u00f1os Gigantes los Sub 11 Conoce a nuestros &#8220;Peque\u00f1os Gigantes&#8221;, el equipo Sub-11 que est\u00e1 demostrando que la edad es solo un n\u00famero cuando se trata de dedicaci\u00f3n, trabajo en equipo y, sobre todo, mucha diversi\u00f3n. Desde el primer bote del bal\u00f3n hasta el \u00faltimo tiro a canasta, estos j\u00f3venes atletas nos recuerdan lo emocionante&hellip;","jetpack_sharing_enabled":true,"_links":{"self":[{"href":"https:\/\/santiagoballers.cl\/index.php\/wp-json\/wp\/v2\/pages\/348","targetHints":{"allow":["GET"]}}],"collection":[{"href":"https:\/\/santiagoballers.cl\/index.php\/wp-json\/wp\/v2\/pages"}],"about":[{"href":"https:\/\/santiagoballers.cl\/index.php\/wp-json\/wp\/v2\/types\/page"}],"author":[{"embeddable":true,"href":"https:\/\/santiagoballers.cl\/index.php\/wp-json\/wp\/v2\/users\/1"}],"replies":[{"embeddable":true,"href":"https:\/\/santiagoballers.cl\/index.php\/wp-json\/wp\/v2\/comments?post=348"}],"version-history":[{"count":2,"href":"https:\/\/santiagoballers.cl\/index.php\/wp-json\/wp\/v2\/pages\/348\/revisions"}],"predecessor-version":[{"id":359,"href":"https:\/\/santiagoballers.cl\/index.php\/wp-json\/wp\/v2\/pages\/348\/revisions\/359"}],"wp:attachment":[{"href":"https:\/\/santiagoballers.cl\/index.php\/wp-json\/wp\/v2\/media?parent=348"}],"curies":[{"name":"wp","href":"https:\/\/api.w.org\/{rel}","templated":true}]}}