{"id":334,"date":"2025-06-01T17:57:42","date_gmt":"2025-06-01T17:57:42","guid":{"rendered":"https:\/\/santiagoballers.cl\/?page_id=334"},"modified":"2025-06-01T17:59:05","modified_gmt":"2025-06-01T17:59:05","slug":"equipo-femenino","status":"publish","type":"page","link":"https:\/\/santiagoballers.cl\/index.php\/equipo-femenino\/","title":{"rendered":"Equipo Femenino"},"content":{"rendered":"\n<p>La pasi\u00f3n por el baloncesto se vive intensamente en cada entrenamiento de las chicas de Santiago Ballers. Bajo la gu\u00eda de Lukas Astete. <\/p>\n\n\n\n<figure class=\"wp-block-image size-large\"><img loading=\"lazy\" decoding=\"async\" width=\"1024\" height=\"777\" src=\"https:\/\/santiagoballers.cl\/wp-content\/uploads\/2025\/06\/Captura-de-pantalla-2025-06-01-a-las-1.45.42\u202fp.m-1024x777.png\" alt=\"\" class=\"wp-image-337\" srcset=\"https:\/\/santiagoballers.cl\/wp-content\/uploads\/2025\/06\/Captura-de-pantalla-2025-06-01-a-las-1.45.42\u202fp.m-1024x777.png 1024w, https:\/\/santiagoballers.cl\/wp-content\/uploads\/2025\/06\/Captura-de-pantalla-2025-06-01-a-las-1.45.42\u202fp.m-300x228.png 300w, https:\/\/santiagoballers.cl\/wp-content\/uploads\/2025\/06\/Captura-de-pantalla-2025-06-01-a-las-1.45.42\u202fp.m-768x583.png 768w, https:\/\/santiagoballers.cl\/wp-content\/uploads\/2025\/06\/Captura-de-pantalla-2025-06-01-a-las-1.45.42\u202fp.m-1536x1165.png 1536w, https:\/\/santiagoballers.cl\/wp-content\/uploads\/2025\/06\/Captura-de-pantalla-2025-06-01-a-las-1.45.42\u202fp.m.png 1624w\" sizes=\"auto, (max-width: 1024px) 100vw, 1024px\" \/><\/figure>\n\n\n\n<p>Estas j\u00f3venes dedican horas a perfeccionar sus habilidades, tanto individuales como colectivas. Se observa en cada jugada la dedicaci\u00f3n, el compa\u00f1erismo y el esp\u00edritu de superaci\u00f3n que las caracteriza.<\/p>\n\n\n\n<figure class=\"wp-block-image size-large\"><img loading=\"lazy\" decoding=\"async\" width=\"1024\" height=\"631\" src=\"https:\/\/santiagoballers.cl\/wp-content\/uploads\/2025\/06\/Captura-de-pantalla-2025-06-01-a-las-1.44.05\u202fp.m-1024x631.png\" alt=\"\" class=\"wp-image-336\" srcset=\"https:\/\/santiagoballers.cl\/wp-content\/uploads\/2025\/06\/Captura-de-pantalla-2025-06-01-a-las-1.44.05\u202fp.m-1024x631.png 1024w, https:\/\/santiagoballers.cl\/wp-content\/uploads\/2025\/06\/Captura-de-pantalla-2025-06-01-a-las-1.44.05\u202fp.m-300x185.png 300w, https:\/\/santiagoballers.cl\/wp-content\/uploads\/2025\/06\/Captura-de-pantalla-2025-06-01-a-las-1.44.05\u202fp.m-768x473.png 768w, https:\/\/santiagoballers.cl\/wp-content\/uploads\/2025\/06\/Captura-de-pantalla-2025-06-01-a-las-1.44.05\u202fp.m-1536x947.png 1536w, https:\/\/santiagoballers.cl\/wp-content\/uploads\/2025\/06\/Captura-de-pantalla-2025-06-01-a-las-1.44.05\u202fp.m.png 1622w\" sizes=\"auto, (max-width: 1024px) 100vw, 1024px\" \/><\/figure>\n\n\n\n<p>La importancia de esta rama va m\u00e1s all\u00e1 de los resultados en la cancha. Santiago Ballers se ha comprometido a brindar un ambiente donde las j\u00f3venes no solo crezcan como deportistas, sino tambi\u00e9n como personas. Se fomenta el trabajo en equipo, la disciplina, el respeto y la confianza en s\u00ed mismas, valores que son tan valiosos dentro como fuera de la cancha.<\/p>\n\n\n\n<figure class=\"wp-block-image size-large\"><img loading=\"lazy\" decoding=\"async\" width=\"1024\" height=\"631\" src=\"https:\/\/santiagoballers.cl\/wp-content\/uploads\/2025\/06\/Captura-de-pantalla-2025-06-01-a-las-1.44.29\u202fp.m-1024x631.png\" alt=\"\" class=\"wp-image-335\" srcset=\"https:\/\/santiagoballers.cl\/wp-content\/uploads\/2025\/06\/Captura-de-pantalla-2025-06-01-a-las-1.44.29\u202fp.m-1024x631.png 1024w, https:\/\/santiagoballers.cl\/wp-content\/uploads\/2025\/06\/Captura-de-pantalla-2025-06-01-a-las-1.44.29\u202fp.m-300x185.png 300w, https:\/\/santiagoballers.cl\/wp-content\/uploads\/2025\/06\/Captura-de-pantalla-2025-06-01-a-las-1.44.29\u202fp.m-768x473.png 768w, https:\/\/santiagoballers.cl\/wp-content\/uploads\/2025\/06\/Captura-de-pantalla-2025-06-01-a-las-1.44.29\u202fp.m-1536x947.png 1536w, https:\/\/santiagoballers.cl\/wp-content\/uploads\/2025\/06\/Captura-de-pantalla-2025-06-01-a-las-1.44.29\u202fp.m.png 1622w\" sizes=\"auto, (max-width: 1024px) 100vw, 1024px\" \/><\/figure>\n","protected":false},"excerpt":{"rendered":"<p>La pasi\u00f3n por el baloncesto se vive intensamente en cada entrenamiento de las chicas de Santiago Ballers. Bajo la gu\u00eda de Lukas Astete. Estas j\u00f3venes dedican horas a perfeccionar sus habilidades, tanto individuales como colectivas. Se observa en cada jugada la dedicaci\u00f3n, el compa\u00f1erismo y el esp\u00edritu de superaci\u00f3n que las caracteriza. La importancia de [&hellip;]<\/p>\n","protected":false},"author":1,"featured_media":0,"parent":0,"menu_order":0,"comment_status":"closed","ping_status":"closed","template":"","meta":{"_uag_custom_page_level_css":"","footnotes":""},"class_list":["post-334","page","type-page","status-publish","hentry"],"yoast_head":"<!-- This site is optimized with the Yoast SEO plugin v25.9 - https:\/\/yoast.com\/wordpress\/plugins\/seo\/ -->\n<title>Equipo Femenino - Club de Basquetball Santiago Ballers Macul<\/title>\n<meta name=\"robots\" content=\"index, follow, max-snippet:-1, max-image-preview:large, max-video-preview:-1\" \/>\n<link rel=\"canonical\" href=\"https:\/\/santiagoballers.cl\/index.php\/equipo-femenino\/\" \/>\n<meta property=\"og:locale\" content=\"es_ES\" \/>\n<meta property=\"og:type\" content=\"article\" \/>\n<meta property=\"og:title\" content=\"Equipo Femenino - Club de Basquetball Santiago Ballers Macul\" \/>\n<meta property=\"og:description\" content=\"La pasi\u00f3n por el baloncesto se vive intensamente en cada entrenamiento de las chicas de Santiago Ballers. Bajo la gu\u00eda de Lukas Astete. Estas j\u00f3venes dedican horas a perfeccionar sus habilidades, tanto individuales como colectivas. Se observa en cada jugada la dedicaci\u00f3n, el compa\u00f1erismo y el esp\u00edritu de superaci\u00f3n que las caracteriza. La importancia de [&hellip;]\" \/>\n<meta property=\"og:url\" content=\"https:\/\/santiagoballers.cl\/index.php\/equipo-femenino\/\" \/>\n<meta property=\"og:site_name\" content=\"Club de Basquetball Santiago Ballers Macul\" \/>\n<meta property=\"article:modified_time\" content=\"2025-06-01T17:59:05+00:00\" \/>\n<meta name=\"twitter:card\" content=\"summary_large_image\" \/>\n<meta name=\"twitter:label1\" content=\"Tiempo estimado de lectura\" \/>\n\t<meta name=\"twitter:data1\" content=\"2 minutos\" \/>\n<script type=\"application\/ld+json\" class=\"yoast-schema-graph\">{\"@context\":\"https:\/\/schema.org\",\"@graph\":[{\"@type\":\"WebPage\",\"@id\":\"https:\/\/santiagoballers.cl\/index.php\/equipo-femenino\/\",\"url\":\"https:\/\/santiagoballers.cl\/index.php\/equipo-femenino\/\",\"name\":\"Equipo Femenino - Club de Basquetball Santiago Ballers Macul\",\"isPartOf\":{\"@id\":\"https:\/\/santiagoballers.cl\/#website\"},\"datePublished\":\"2025-06-01T17:57:42+00:00\",\"dateModified\":\"2025-06-01T17:59:05+00:00\",\"breadcrumb\":{\"@id\":\"https:\/\/santiagoballers.cl\/index.php\/equipo-femenino\/#breadcrumb\"},\"inLanguage\":\"es-CL\",\"potentialAction\":[{\"@type\":\"ReadAction\",\"target\":[\"https:\/\/santiagoballers.cl\/index.php\/equipo-femenino\/\"]}]},{\"@type\":\"BreadcrumbList\",\"@id\":\"https:\/\/santiagoballers.cl\/index.php\/equipo-femenino\/#breadcrumb\",\"itemListElement\":[{\"@type\":\"ListItem\",\"position\":1,\"name\":\"Portada\",\"item\":\"https:\/\/santiagoballers.cl\/\"},{\"@type\":\"ListItem\",\"position\":2,\"name\":\"Equipo Femenino\"}]},{\"@type\":\"WebSite\",\"@id\":\"https:\/\/santiagoballers.cl\/#website\",\"url\":\"https:\/\/santiagoballers.cl\/\",\"name\":\"Club de Basquetball Santiago Ballers Macul\",\"description\":\"Direccion: Los Profetas 3987, Macul Telefono +56-959118186\",\"publisher\":{\"@id\":\"https:\/\/santiagoballers.cl\/#organization\"},\"potentialAction\":[{\"@type\":\"SearchAction\",\"target\":{\"@type\":\"EntryPoint\",\"urlTemplate\":\"https:\/\/santiagoballers.cl\/?s={search_term_string}\"},\"query-input\":{\"@type\":\"PropertyValueSpecification\",\"valueRequired\":true,\"valueName\":\"search_term_string\"}}],\"inLanguage\":\"es-CL\"},{\"@type\":\"Organization\",\"@id\":\"https:\/\/santiagoballers.cl\/#organization\",\"name\":\"Club de Basquetball Santiago Ballers Macul\",\"url\":\"https:\/\/santiagoballers.cl\/\",\"logo\":{\"@type\":\"ImageObject\",\"inLanguage\":\"es-CL\",\"@id\":\"https:\/\/santiagoballers.cl\/#\/schema\/logo\/image\/\",\"url\":\"https:\/\/santiagoballers.cl\/wp-content\/uploads\/2024\/08\/cropped-cropped-loga_ballers_act.png\",\"contentUrl\":\"https:\/\/santiagoballers.cl\/wp-content\/uploads\/2024\/08\/cropped-cropped-loga_ballers_act.png\",\"width\":210,\"height\":313,\"caption\":\"Club de Basquetball Santiago Ballers Macul\"},\"image\":{\"@id\":\"https:\/\/santiagoballers.cl\/#\/schema\/logo\/image\/\"}}]}<\/script>\n<!-- \/ Yoast SEO plugin. -->","yoast_head_json":{"title":"Equipo Femenino - Club de Basquetball Santiago Ballers Macul","robots":{"index":"index","follow":"follow","max-snippet":"max-snippet:-1","max-image-preview":"max-image-preview:large","max-video-preview":"max-video-preview:-1"},"canonical":"https:\/\/santiagoballers.cl\/index.php\/equipo-femenino\/","og_locale":"es_ES","og_type":"article","og_title":"Equipo Femenino - Club de Basquetball Santiago Ballers Macul","og_description":"La pasi\u00f3n por el baloncesto se vive intensamente en cada entrenamiento de las chicas de Santiago Ballers. Bajo la gu\u00eda de Lukas Astete. Estas j\u00f3venes dedican horas a perfeccionar sus habilidades, tanto individuales como colectivas. Se observa en cada jugada la dedicaci\u00f3n, el compa\u00f1erismo y el esp\u00edritu de superaci\u00f3n que las caracteriza. La importancia de [&hellip;]","og_url":"https:\/\/santiagoballers.cl\/index.php\/equipo-femenino\/","og_site_name":"Club de Basquetball Santiago Ballers Macul","article_modified_time":"2025-06-01T17:59:05+00:00","twitter_card":"summary_large_image","twitter_misc":{"Tiempo estimado de lectura":"2 minutos"},"schema":{"@context":"https:\/\/schema.org","@graph":[{"@type":"WebPage","@id":"https:\/\/santiagoballers.cl\/index.php\/equipo-femenino\/","url":"https:\/\/santiagoballers.cl\/index.php\/equipo-femenino\/","name":"Equipo Femenino - Club de Basquetball Santiago Ballers Macul","isPartOf":{"@id":"https:\/\/santiagoballers.cl\/#website"},"datePublished":"2025-06-01T17:57:42+00:00","dateModified":"2025-06-01T17:59:05+00:00","breadcrumb":{"@id":"https:\/\/santiagoballers.cl\/index.php\/equipo-femenino\/#breadcrumb"},"inLanguage":"es-CL","potentialAction":[{"@type":"ReadAction","target":["https:\/\/santiagoballers.cl\/index.php\/equipo-femenino\/"]}]},{"@type":"BreadcrumbList","@id":"https:\/\/santiagoballers.cl\/index.php\/equipo-femenino\/#breadcrumb","itemListElement":[{"@type":"ListItem","position":1,"name":"Portada","item":"https:\/\/santiagoballers.cl\/"},{"@type":"ListItem","position":2,"name":"Equipo Femenino"}]},{"@type":"WebSite","@id":"https:\/\/santiagoballers.cl\/#website","url":"https:\/\/santiagoballers.cl\/","name":"Club de Basquetball Santiago Ballers Macul","description":"Direccion: Los Profetas 3987, Macul Telefono +56-959118186","publisher":{"@id":"https:\/\/santiagoballers.cl\/#organization"},"potentialAction":[{"@type":"SearchAction","target":{"@type":"EntryPoint","urlTemplate":"https:\/\/santiagoballers.cl\/?s={search_term_string}"},"query-input":{"@type":"PropertyValueSpecification","valueRequired":true,"valueName":"search_term_string"}}],"inLanguage":"es-CL"},{"@type":"Organization","@id":"https:\/\/santiagoballers.cl\/#organization","name":"Club de Basquetball Santiago Ballers Macul","url":"https:\/\/santiagoballers.cl\/","logo":{"@type":"ImageObject","inLanguage":"es-CL","@id":"https:\/\/santiagoballers.cl\/#\/schema\/logo\/image\/","url":"https:\/\/santiagoballers.cl\/wp-content\/uploads\/2024\/08\/cropped-cropped-loga_ballers_act.png","contentUrl":"https:\/\/santiagoballers.cl\/wp-content\/uploads\/2024\/08\/cropped-cropped-loga_ballers_act.png","width":210,"height":313,"caption":"Club de Basquetball Santiago Ballers Macul"},"image":{"@id":"https:\/\/santiagoballers.cl\/#\/schema\/logo\/image\/"}}]}},"uagb_featured_image_src":{"full":false,"thumbnail":false,"medium":false,"medium_large":false,"large":false,"1536x1536":false,"2048x2048":false},"uagb_author_info":{"display_name":"admin","author_link":"https:\/\/santiagoballers.cl\/index.php\/author\/admin_c43z0jw9\/"},"uagb_comment_info":0,"uagb_excerpt":"La pasi\u00f3n por el baloncesto se vive intensamente en cada entrenamiento de las chicas de Santiago Ballers. Bajo la gu\u00eda de Lukas Astete. Estas j\u00f3venes dedican horas a perfeccionar sus habilidades, tanto individuales como colectivas. Se observa en cada jugada la dedicaci\u00f3n, el compa\u00f1erismo y el esp\u00edritu de superaci\u00f3n que las caracteriza. La importancia de&hellip;","jetpack_sharing_enabled":true,"_links":{"self":[{"href":"https:\/\/santiagoballers.cl\/index.php\/wp-json\/wp\/v2\/pages\/334","targetHints":{"allow":["GET"]}}],"collection":[{"href":"https:\/\/santiagoballers.cl\/index.php\/wp-json\/wp\/v2\/pages"}],"about":[{"href":"https:\/\/santiagoballers.cl\/index.php\/wp-json\/wp\/v2\/types\/page"}],"author":[{"embeddable":true,"href":"https:\/\/santiagoballers.cl\/index.php\/wp-json\/wp\/v2\/users\/1"}],"replies":[{"embeddable":true,"href":"https:\/\/santiagoballers.cl\/index.php\/wp-json\/wp\/v2\/comments?post=334"}],"version-history":[{"count":1,"href":"https:\/\/santiagoballers.cl\/index.php\/wp-json\/wp\/v2\/pages\/334\/revisions"}],"predecessor-version":[{"id":338,"href":"https:\/\/santiagoballers.cl\/index.php\/wp-json\/wp\/v2\/pages\/334\/revisions\/338"}],"wp:attachment":[{"href":"https:\/\/santiagoballers.cl\/index.php\/wp-json\/wp\/v2\/media?parent=334"}],"curies":[{"name":"wp","href":"https:\/\/api.w.org\/{rel}","templated":true}]}}