{"id":302,"date":"2025-01-18T04:14:59","date_gmt":"2025-01-18T04:14:59","guid":{"rendered":"https:\/\/santiagoballers.cl\/?page_id=302"},"modified":"2026-03-13T19:43:41","modified_gmt":"2026-03-13T19:43:41","slug":"adultos-basket","status":"publish","type":"page","link":"https:\/\/santiagoballers.cl\/index.php\/adultos-basket\/","title":{"rendered":"Adultos-Basket"},"content":{"rendered":"\n<div class=\"wp-block-uagb-advanced-heading uagb-block-e3dae79e\"><h2 class=\"uagb-heading-text\">\u00bfSab\u00edas que hacer ejercicio regularmente despu\u00e9s de los 45 a\u00f1os puede rejuvenecer tu cuerpo y mente hasta en 10 a\u00f1os?<\/h2><\/div>\n\n\n\n<p>No esperes m\u00e1s para invertir en tu salud! \u00a1Comienza hoy mismo a disfrutar de los beneficios del ejercicio! y ven a practicar.<\/p>\n\n\n\n<p><strong>No importa tu edad ni tu nivel de experiencia.<\/strong>&nbsp;ven a practicar con los Ballers de Macul donde podr\u00e1s disfrutar de este deporte de forma segura y divertida. \u00a1An\u00edmate a probar y descubre un nuevo mundo de posibilidades! baloncesto para todos da salud y bienestar&#8221;<\/p>\n\n\n\n<figure class=\"wp-block-image size-large is-resized\"><img loading=\"lazy\" decoding=\"async\" width=\"683\" height=\"1024\" src=\"https:\/\/santiagoballers.cl\/wp-content\/uploads\/2026\/03\/Adultos-683x1024.png\" alt=\"\" class=\"wp-image-379\" style=\"aspect-ratio:0.6669949121943214;width:428px;height:auto\" srcset=\"https:\/\/santiagoballers.cl\/wp-content\/uploads\/2026\/03\/Adultos-683x1024.png 683w, https:\/\/santiagoballers.cl\/wp-content\/uploads\/2026\/03\/Adultos-200x300.png 200w, https:\/\/santiagoballers.cl\/wp-content\/uploads\/2026\/03\/Adultos-768x1152.png 768w, https:\/\/santiagoballers.cl\/wp-content\/uploads\/2026\/03\/Adultos.png 1024w\" sizes=\"auto, (max-width: 683px) 100vw, 683px\" \/><\/figure>\n\n\n\n<figure class=\"wp-block-image size-large\"><img loading=\"lazy\" decoding=\"async\" width=\"1024\" height=\"768\" src=\"https:\/\/santiagoballers.cl\/wp-content\/uploads\/2025\/06\/WhatsApp-Image-2025-05-28-at-23.44.18-1024x768.jpeg\" alt=\"\" class=\"wp-image-321\" srcset=\"https:\/\/santiagoballers.cl\/wp-content\/uploads\/2025\/06\/WhatsApp-Image-2025-05-28-at-23.44.18-1024x768.jpeg 1024w, https:\/\/santiagoballers.cl\/wp-content\/uploads\/2025\/06\/WhatsApp-Image-2025-05-28-at-23.44.18-300x225.jpeg 300w, https:\/\/santiagoballers.cl\/wp-content\/uploads\/2025\/06\/WhatsApp-Image-2025-05-28-at-23.44.18-768x576.jpeg 768w, https:\/\/santiagoballers.cl\/wp-content\/uploads\/2025\/06\/WhatsApp-Image-2025-05-28-at-23.44.18-1536x1152.jpeg 1536w, https:\/\/santiagoballers.cl\/wp-content\/uploads\/2025\/06\/WhatsApp-Image-2025-05-28-at-23.44.18-2048x1536.jpeg 2048w\" sizes=\"auto, (max-width: 1024px) 100vw, 1024px\" \/><\/figure>\n\n\n\n<figure class=\"wp-block-image size-large\"><img loading=\"lazy\" decoding=\"async\" width=\"1024\" height=\"768\" src=\"https:\/\/santiagoballers.cl\/wp-content\/uploads\/2025\/06\/WhatsApp-Image-2025-05-28-at-23.42.36-1024x768.jpeg\" alt=\"\" class=\"wp-image-323\" srcset=\"https:\/\/santiagoballers.cl\/wp-content\/uploads\/2025\/06\/WhatsApp-Image-2025-05-28-at-23.42.36-1024x768.jpeg 1024w, https:\/\/santiagoballers.cl\/wp-content\/uploads\/2025\/06\/WhatsApp-Image-2025-05-28-at-23.42.36-300x225.jpeg 300w, https:\/\/santiagoballers.cl\/wp-content\/uploads\/2025\/06\/WhatsApp-Image-2025-05-28-at-23.42.36-768x576.jpeg 768w, https:\/\/santiagoballers.cl\/wp-content\/uploads\/2025\/06\/WhatsApp-Image-2025-05-28-at-23.42.36-1536x1152.jpeg 1536w, https:\/\/santiagoballers.cl\/wp-content\/uploads\/2025\/06\/WhatsApp-Image-2025-05-28-at-23.42.36-2048x1536.jpeg 2048w\" sizes=\"auto, (max-width: 1024px) 100vw, 1024px\" \/><\/figure>\n\n\n\n<figure class=\"wp-block-image size-large\"><img loading=\"lazy\" decoding=\"async\" width=\"1024\" height=\"768\" src=\"https:\/\/santiagoballers.cl\/wp-content\/uploads\/2025\/06\/WhatsApp-Image-2025-05-28-at-23.42.43-1024x768.jpeg\" alt=\"\" class=\"wp-image-322\" srcset=\"https:\/\/santiagoballers.cl\/wp-content\/uploads\/2025\/06\/WhatsApp-Image-2025-05-28-at-23.42.43-1024x768.jpeg 1024w, https:\/\/santiagoballers.cl\/wp-content\/uploads\/2025\/06\/WhatsApp-Image-2025-05-28-at-23.42.43-300x225.jpeg 300w, https:\/\/santiagoballers.cl\/wp-content\/uploads\/2025\/06\/WhatsApp-Image-2025-05-28-at-23.42.43-768x576.jpeg 768w, https:\/\/santiagoballers.cl\/wp-content\/uploads\/2025\/06\/WhatsApp-Image-2025-05-28-at-23.42.43-1536x1152.jpeg 1536w, https:\/\/santiagoballers.cl\/wp-content\/uploads\/2025\/06\/WhatsApp-Image-2025-05-28-at-23.42.43-2048x1536.jpeg 2048w\" sizes=\"auto, (max-width: 1024px) 100vw, 1024px\" \/><\/figure>\n\n\n\n<div class=\"wp-block-uagb-image uagb-block-376b16c4 wp-block-uagb-image--layout-default wp-block-uagb-image--effect-static wp-block-uagb-image--align-none\"><figure class=\"wp-block-uagb-image__figure\"><img decoding=\"async\" srcset=\"https:\/\/santiagoballers.cl\/wp-content\/uploads\/2025\/01\/adultos3-1024x441.png ,https:\/\/santiagoballers.cl\/wp-content\/uploads\/2025\/01\/adultos3.png 780w, https:\/\/santiagoballers.cl\/wp-content\/uploads\/2025\/01\/adultos3.png 360w\" sizes=\"auto, (max-width: 480px) 150px\" src=\"https:\/\/santiagoballers.cl\/wp-content\/uploads\/2025\/01\/adultos3-1024x441.png\" alt=\"\" class=\"uag-image-304\" width=\"2814\" height=\"1212\" title=\"adultos3\" loading=\"lazy\" role=\"img\"\/><\/figure><\/div>\n\n\n\n<div class=\"wp-block-uagb-image uagb-block-4b0075a5 wp-block-uagb-image--layout-default wp-block-uagb-image--effect-static wp-block-uagb-image--align-none\"><figure class=\"wp-block-uagb-image__figure\"><img decoding=\"async\" srcset=\"https:\/\/santiagoballers.cl\/wp-content\/uploads\/2025\/01\/adultos2-1024x381.png ,https:\/\/santiagoballers.cl\/wp-content\/uploads\/2025\/01\/adultos2.png 780w, https:\/\/santiagoballers.cl\/wp-content\/uploads\/2025\/01\/adultos2.png 360w\" sizes=\"auto, (max-width: 480px) 150px\" src=\"https:\/\/santiagoballers.cl\/wp-content\/uploads\/2025\/01\/adultos2-1024x381.png\" alt=\"\" class=\"uag-image-305\" width=\"2408\" height=\"896\" title=\"adultos2\" loading=\"lazy\" role=\"img\"\/><\/figure><\/div>\n\n\n\n<figure class=\"wp-block-gallery has-nested-images columns-default is-cropped wp-block-gallery-1 is-layout-flex wp-block-gallery-is-layout-flex\">\n<figure class=\"wp-block-image size-large\"><img loading=\"lazy\" decoding=\"async\" width=\"1024\" height=\"768\" data-id=\"320\" src=\"https:\/\/santiagoballers.cl\/wp-content\/uploads\/2025\/06\/WhatsApp-Image-2025-05-28-at-23.44.33-1024x768.jpeg\" alt=\"\" class=\"wp-image-320\" srcset=\"https:\/\/santiagoballers.cl\/wp-content\/uploads\/2025\/06\/WhatsApp-Image-2025-05-28-at-23.44.33-1024x768.jpeg 1024w, https:\/\/santiagoballers.cl\/wp-content\/uploads\/2025\/06\/WhatsApp-Image-2025-05-28-at-23.44.33-300x225.jpeg 300w, https:\/\/santiagoballers.cl\/wp-content\/uploads\/2025\/06\/WhatsApp-Image-2025-05-28-at-23.44.33-768x576.jpeg 768w, https:\/\/santiagoballers.cl\/wp-content\/uploads\/2025\/06\/WhatsApp-Image-2025-05-28-at-23.44.33-1536x1152.jpeg 1536w, https:\/\/santiagoballers.cl\/wp-content\/uploads\/2025\/06\/WhatsApp-Image-2025-05-28-at-23.44.33-2048x1536.jpeg 2048w\" sizes=\"auto, (max-width: 1024px) 100vw, 1024px\" \/><\/figure>\n\n\n\n<figure class=\"wp-block-image size-large\"><img loading=\"lazy\" decoding=\"async\" width=\"1024\" height=\"768\" data-id=\"319\" src=\"https:\/\/santiagoballers.cl\/wp-content\/uploads\/2025\/06\/WhatsApp-Image-2025-05-28-at-23.44.32-1024x768.jpeg\" alt=\"\" class=\"wp-image-319\" srcset=\"https:\/\/santiagoballers.cl\/wp-content\/uploads\/2025\/06\/WhatsApp-Image-2025-05-28-at-23.44.32-1024x768.jpeg 1024w, https:\/\/santiagoballers.cl\/wp-content\/uploads\/2025\/06\/WhatsApp-Image-2025-05-28-at-23.44.32-300x225.jpeg 300w, https:\/\/santiagoballers.cl\/wp-content\/uploads\/2025\/06\/WhatsApp-Image-2025-05-28-at-23.44.32-768x576.jpeg 768w, https:\/\/santiagoballers.cl\/wp-content\/uploads\/2025\/06\/WhatsApp-Image-2025-05-28-at-23.44.32-1536x1152.jpeg 1536w, https:\/\/santiagoballers.cl\/wp-content\/uploads\/2025\/06\/WhatsApp-Image-2025-05-28-at-23.44.32-2048x1536.jpeg 2048w\" sizes=\"auto, (max-width: 1024px) 100vw, 1024px\" \/><\/figure>\n\n\n\n<figure class=\"wp-block-image size-large\"><img loading=\"lazy\" decoding=\"async\" width=\"1024\" height=\"768\" data-id=\"318\" src=\"https:\/\/santiagoballers.cl\/wp-content\/uploads\/2025\/06\/WhatsApp-Image-2025-05-28-at-23.44.31-1024x768.jpeg\" alt=\"\" class=\"wp-image-318\" srcset=\"https:\/\/santiagoballers.cl\/wp-content\/uploads\/2025\/06\/WhatsApp-Image-2025-05-28-at-23.44.31-1024x768.jpeg 1024w, https:\/\/santiagoballers.cl\/wp-content\/uploads\/2025\/06\/WhatsApp-Image-2025-05-28-at-23.44.31-300x225.jpeg 300w, https:\/\/santiagoballers.cl\/wp-content\/uploads\/2025\/06\/WhatsApp-Image-2025-05-28-at-23.44.31-768x576.jpeg 768w, https:\/\/santiagoballers.cl\/wp-content\/uploads\/2025\/06\/WhatsApp-Image-2025-05-28-at-23.44.31-1536x1152.jpeg 1536w, https:\/\/santiagoballers.cl\/wp-content\/uploads\/2025\/06\/WhatsApp-Image-2025-05-28-at-23.44.31-2048x1536.jpeg 2048w\" sizes=\"auto, (max-width: 1024px) 100vw, 1024px\" \/><\/figure>\n<\/figure>\n","protected":false},"excerpt":{"rendered":"<p>\u00bfSab\u00edas que hacer ejercicio regularmente despu\u00e9s de los 45 a\u00f1os puede rejuvenecer tu cuerpo y mente hasta en 10 a\u00f1os? No esperes m\u00e1s para invertir en tu salud! \u00a1Comienza hoy mismo a disfrutar de los beneficios del ejercicio! y ven a practicar. No importa tu edad ni tu nivel de experiencia.&nbsp;ven a practicar con los [&hellip;]<\/p>\n","protected":false},"author":1,"featured_media":0,"parent":0,"menu_order":0,"comment_status":"closed","ping_status":"closed","template":"","meta":{"_uag_custom_page_level_css":"","footnotes":""},"class_list":["post-302","page","type-page","status-publish","hentry"],"yoast_head":"<!-- This site is optimized with the Yoast SEO plugin v25.9 - https:\/\/yoast.com\/wordpress\/plugins\/seo\/ -->\n<title>Adultos-Basket - Club de Basquetball Santiago Ballers Macul<\/title>\n<meta name=\"robots\" content=\"index, follow, max-snippet:-1, max-image-preview:large, max-video-preview:-1\" \/>\n<link rel=\"canonical\" href=\"https:\/\/santiagoballers.cl\/index.php\/adultos-basket\/\" \/>\n<meta property=\"og:locale\" content=\"es_ES\" \/>\n<meta property=\"og:type\" content=\"article\" \/>\n<meta property=\"og:title\" content=\"Adultos-Basket - Club de Basquetball Santiago Ballers Macul\" \/>\n<meta property=\"og:description\" content=\"\u00bfSab\u00edas que hacer ejercicio regularmente despu\u00e9s de los 45 a\u00f1os puede rejuvenecer tu cuerpo y mente hasta en 10 a\u00f1os? No esperes m\u00e1s para invertir en tu salud! \u00a1Comienza hoy mismo a disfrutar de los beneficios del ejercicio! y ven a practicar. No importa tu edad ni tu nivel de experiencia.&nbsp;ven a practicar con los [&hellip;]\" \/>\n<meta property=\"og:url\" content=\"https:\/\/santiagoballers.cl\/index.php\/adultos-basket\/\" \/>\n<meta property=\"og:site_name\" content=\"Club de Basquetball Santiago Ballers Macul\" \/>\n<meta property=\"article:modified_time\" content=\"2026-03-13T19:43:41+00:00\" \/>\n<meta property=\"og:image\" content=\"https:\/\/santiagoballers.cl\/wp-content\/uploads\/2026\/03\/Adultos-683x1024.png\" \/>\n\t<meta property=\"og:image:width\" content=\"683\" \/>\n\t<meta property=\"og:image:height\" content=\"1024\" \/>\n\t<meta property=\"og:image:type\" content=\"image\/png\" \/>\n<meta name=\"twitter:card\" content=\"summary_large_image\" \/>\n<meta name=\"twitter:label1\" content=\"Tiempo estimado de lectura\" \/>\n\t<meta name=\"twitter:data1\" content=\"3 minutos\" \/>\n<script type=\"application\/ld+json\" class=\"yoast-schema-graph\">{\"@context\":\"https:\/\/schema.org\",\"@graph\":[{\"@type\":\"WebPage\",\"@id\":\"https:\/\/santiagoballers.cl\/index.php\/adultos-basket\/\",\"url\":\"https:\/\/santiagoballers.cl\/index.php\/adultos-basket\/\",\"name\":\"Adultos-Basket - Club de Basquetball Santiago Ballers Macul\",\"isPartOf\":{\"@id\":\"https:\/\/santiagoballers.cl\/#website\"},\"primaryImageOfPage\":{\"@id\":\"https:\/\/santiagoballers.cl\/index.php\/adultos-basket\/#primaryimage\"},\"image\":{\"@id\":\"https:\/\/santiagoballers.cl\/index.php\/adultos-basket\/#primaryimage\"},\"thumbnailUrl\":\"https:\/\/santiagoballers.cl\/wp-content\/uploads\/2026\/03\/Adultos-683x1024.png\",\"datePublished\":\"2025-01-18T04:14:59+00:00\",\"dateModified\":\"2026-03-13T19:43:41+00:00\",\"breadcrumb\":{\"@id\":\"https:\/\/santiagoballers.cl\/index.php\/adultos-basket\/#breadcrumb\"},\"inLanguage\":\"es-CL\",\"potentialAction\":[{\"@type\":\"ReadAction\",\"target\":[\"https:\/\/santiagoballers.cl\/index.php\/adultos-basket\/\"]}]},{\"@type\":\"ImageObject\",\"inLanguage\":\"es-CL\",\"@id\":\"https:\/\/santiagoballers.cl\/index.php\/adultos-basket\/#primaryimage\",\"url\":\"https:\/\/santiagoballers.cl\/wp-content\/uploads\/2026\/03\/Adultos.png\",\"contentUrl\":\"https:\/\/santiagoballers.cl\/wp-content\/uploads\/2026\/03\/Adultos.png\",\"width\":1024,\"height\":1536},{\"@type\":\"BreadcrumbList\",\"@id\":\"https:\/\/santiagoballers.cl\/index.php\/adultos-basket\/#breadcrumb\",\"itemListElement\":[{\"@type\":\"ListItem\",\"position\":1,\"name\":\"Portada\",\"item\":\"https:\/\/santiagoballers.cl\/\"},{\"@type\":\"ListItem\",\"position\":2,\"name\":\"Adultos-Basket\"}]},{\"@type\":\"WebSite\",\"@id\":\"https:\/\/santiagoballers.cl\/#website\",\"url\":\"https:\/\/santiagoballers.cl\/\",\"name\":\"Club de Basquetball Santiago Ballers Macul\",\"description\":\"Direccion: Los Profetas 3987, Macul Telefono +56-959118186\",\"publisher\":{\"@id\":\"https:\/\/santiagoballers.cl\/#organization\"},\"potentialAction\":[{\"@type\":\"SearchAction\",\"target\":{\"@type\":\"EntryPoint\",\"urlTemplate\":\"https:\/\/santiagoballers.cl\/?s={search_term_string}\"},\"query-input\":{\"@type\":\"PropertyValueSpecification\",\"valueRequired\":true,\"valueName\":\"search_term_string\"}}],\"inLanguage\":\"es-CL\"},{\"@type\":\"Organization\",\"@id\":\"https:\/\/santiagoballers.cl\/#organization\",\"name\":\"Club de Basquetball Santiago Ballers Macul\",\"url\":\"https:\/\/santiagoballers.cl\/\",\"logo\":{\"@type\":\"ImageObject\",\"inLanguage\":\"es-CL\",\"@id\":\"https:\/\/santiagoballers.cl\/#\/schema\/logo\/image\/\",\"url\":\"https:\/\/santiagoballers.cl\/wp-content\/uploads\/2024\/08\/cropped-cropped-loga_ballers_act.png\",\"contentUrl\":\"https:\/\/santiagoballers.cl\/wp-content\/uploads\/2024\/08\/cropped-cropped-loga_ballers_act.png\",\"width\":210,\"height\":313,\"caption\":\"Club de Basquetball Santiago Ballers Macul\"},\"image\":{\"@id\":\"https:\/\/santiagoballers.cl\/#\/schema\/logo\/image\/\"}}]}<\/script>\n<!-- \/ Yoast SEO plugin. -->","yoast_head_json":{"title":"Adultos-Basket - Club de Basquetball Santiago Ballers Macul","robots":{"index":"index","follow":"follow","max-snippet":"max-snippet:-1","max-image-preview":"max-image-preview:large","max-video-preview":"max-video-preview:-1"},"canonical":"https:\/\/santiagoballers.cl\/index.php\/adultos-basket\/","og_locale":"es_ES","og_type":"article","og_title":"Adultos-Basket - Club de Basquetball Santiago Ballers Macul","og_description":"\u00bfSab\u00edas que hacer ejercicio regularmente despu\u00e9s de los 45 a\u00f1os puede rejuvenecer tu cuerpo y mente hasta en 10 a\u00f1os? No esperes m\u00e1s para invertir en tu salud! \u00a1Comienza hoy mismo a disfrutar de los beneficios del ejercicio! y ven a practicar. No importa tu edad ni tu nivel de experiencia.&nbsp;ven a practicar con los [&hellip;]","og_url":"https:\/\/santiagoballers.cl\/index.php\/adultos-basket\/","og_site_name":"Club de Basquetball Santiago Ballers Macul","article_modified_time":"2026-03-13T19:43:41+00:00","og_image":[{"width":683,"height":1024,"url":"https:\/\/santiagoballers.cl\/wp-content\/uploads\/2026\/03\/Adultos-683x1024.png","type":"image\/png"}],"twitter_card":"summary_large_image","twitter_misc":{"Tiempo estimado de lectura":"3 minutos"},"schema":{"@context":"https:\/\/schema.org","@graph":[{"@type":"WebPage","@id":"https:\/\/santiagoballers.cl\/index.php\/adultos-basket\/","url":"https:\/\/santiagoballers.cl\/index.php\/adultos-basket\/","name":"Adultos-Basket - Club de Basquetball Santiago Ballers Macul","isPartOf":{"@id":"https:\/\/santiagoballers.cl\/#website"},"primaryImageOfPage":{"@id":"https:\/\/santiagoballers.cl\/index.php\/adultos-basket\/#primaryimage"},"image":{"@id":"https:\/\/santiagoballers.cl\/index.php\/adultos-basket\/#primaryimage"},"thumbnailUrl":"https:\/\/santiagoballers.cl\/wp-content\/uploads\/2026\/03\/Adultos-683x1024.png","datePublished":"2025-01-18T04:14:59+00:00","dateModified":"2026-03-13T19:43:41+00:00","breadcrumb":{"@id":"https:\/\/santiagoballers.cl\/index.php\/adultos-basket\/#breadcrumb"},"inLanguage":"es-CL","potentialAction":[{"@type":"ReadAction","target":["https:\/\/santiagoballers.cl\/index.php\/adultos-basket\/"]}]},{"@type":"ImageObject","inLanguage":"es-CL","@id":"https:\/\/santiagoballers.cl\/index.php\/adultos-basket\/#primaryimage","url":"https:\/\/santiagoballers.cl\/wp-content\/uploads\/2026\/03\/Adultos.png","contentUrl":"https:\/\/santiagoballers.cl\/wp-content\/uploads\/2026\/03\/Adultos.png","width":1024,"height":1536},{"@type":"BreadcrumbList","@id":"https:\/\/santiagoballers.cl\/index.php\/adultos-basket\/#breadcrumb","itemListElement":[{"@type":"ListItem","position":1,"name":"Portada","item":"https:\/\/santiagoballers.cl\/"},{"@type":"ListItem","position":2,"name":"Adultos-Basket"}]},{"@type":"WebSite","@id":"https:\/\/santiagoballers.cl\/#website","url":"https:\/\/santiagoballers.cl\/","name":"Club de Basquetball Santiago Ballers Macul","description":"Direccion: Los Profetas 3987, Macul Telefono +56-959118186","publisher":{"@id":"https:\/\/santiagoballers.cl\/#organization"},"potentialAction":[{"@type":"SearchAction","target":{"@type":"EntryPoint","urlTemplate":"https:\/\/santiagoballers.cl\/?s={search_term_string}"},"query-input":{"@type":"PropertyValueSpecification","valueRequired":true,"valueName":"search_term_string"}}],"inLanguage":"es-CL"},{"@type":"Organization","@id":"https:\/\/santiagoballers.cl\/#organization","name":"Club de Basquetball Santiago Ballers Macul","url":"https:\/\/santiagoballers.cl\/","logo":{"@type":"ImageObject","inLanguage":"es-CL","@id":"https:\/\/santiagoballers.cl\/#\/schema\/logo\/image\/","url":"https:\/\/santiagoballers.cl\/wp-content\/uploads\/2024\/08\/cropped-cropped-loga_ballers_act.png","contentUrl":"https:\/\/santiagoballers.cl\/wp-content\/uploads\/2024\/08\/cropped-cropped-loga_ballers_act.png","width":210,"height":313,"caption":"Club de Basquetball Santiago Ballers Macul"},"image":{"@id":"https:\/\/santiagoballers.cl\/#\/schema\/logo\/image\/"}}]}},"uagb_featured_image_src":{"full":false,"thumbnail":false,"medium":false,"medium_large":false,"large":false,"1536x1536":false,"2048x2048":false},"uagb_author_info":{"display_name":"admin","author_link":"https:\/\/santiagoballers.cl\/index.php\/author\/admin_c43z0jw9\/"},"uagb_comment_info":0,"uagb_excerpt":"\u00bfSab\u00edas que hacer ejercicio regularmente despu\u00e9s de los 45 a\u00f1os puede rejuvenecer tu cuerpo y mente hasta en 10 a\u00f1os? No esperes m\u00e1s para invertir en tu salud! \u00a1Comienza hoy mismo a disfrutar de los beneficios del ejercicio! y ven a practicar. No importa tu edad ni tu nivel de experiencia.&nbsp;ven a practicar con los&hellip;","jetpack_sharing_enabled":true,"_links":{"self":[{"href":"https:\/\/santiagoballers.cl\/index.php\/wp-json\/wp\/v2\/pages\/302","targetHints":{"allow":["GET"]}}],"collection":[{"href":"https:\/\/santiagoballers.cl\/index.php\/wp-json\/wp\/v2\/pages"}],"about":[{"href":"https:\/\/santiagoballers.cl\/index.php\/wp-json\/wp\/v2\/types\/page"}],"author":[{"embeddable":true,"href":"https:\/\/santiagoballers.cl\/index.php\/wp-json\/wp\/v2\/users\/1"}],"replies":[{"embeddable":true,"href":"https:\/\/santiagoballers.cl\/index.php\/wp-json\/wp\/v2\/comments?post=302"}],"version-history":[{"count":4,"href":"https:\/\/santiagoballers.cl\/index.php\/wp-json\/wp\/v2\/pages\/302\/revisions"}],"predecessor-version":[{"id":385,"href":"https:\/\/santiagoballers.cl\/index.php\/wp-json\/wp\/v2\/pages\/302\/revisions\/385"}],"wp:attachment":[{"href":"https:\/\/santiagoballers.cl\/index.php\/wp-json\/wp\/v2\/media?parent=302"}],"curies":[{"name":"wp","href":"https:\/\/api.w.org\/{rel}","templated":true}]}}