{"id":124,"date":"2024-08-23T17:00:55","date_gmt":"2024-08-23T17:00:55","guid":{"rendered":"https:\/\/santiagoballers.cl\/?page_id=124"},"modified":"2024-08-23T17:07:03","modified_gmt":"2024-08-23T17:07:03","slug":"mvp","status":"publish","type":"page","link":"https:\/\/santiagoballers.cl\/index.php\/mvp\/","title":{"rendered":"MVP"},"content":{"rendered":"\n<div class=\"wp-block-group is-nowrap is-layout-flex wp-container-core-group-is-layout-ad2f72ca wp-block-group-is-layout-flex\">\n<figure class=\"wp-block-image size-full is-resized\"><img loading=\"lazy\" decoding=\"async\" width=\"512\" height=\"512\" src=\"https:\/\/santiagoballers.cl\/wp-content\/uploads\/2024\/08\/cropped-cropped-ballers2.png\" alt=\"\" class=\"wp-image-116\" style=\"width:128px;height:auto\" srcset=\"https:\/\/santiagoballers.cl\/wp-content\/uploads\/2024\/08\/cropped-cropped-ballers2.png 512w, https:\/\/santiagoballers.cl\/wp-content\/uploads\/2024\/08\/cropped-cropped-ballers2-300x300.png 300w, https:\/\/santiagoballers.cl\/wp-content\/uploads\/2024\/08\/cropped-cropped-ballers2-150x150.png 150w, https:\/\/santiagoballers.cl\/wp-content\/uploads\/2024\/08\/cropped-cropped-ballers2-270x270.png 270w, https:\/\/santiagoballers.cl\/wp-content\/uploads\/2024\/08\/cropped-cropped-ballers2-192x192.png 192w, https:\/\/santiagoballers.cl\/wp-content\/uploads\/2024\/08\/cropped-cropped-ballers2-180x180.png 180w, https:\/\/santiagoballers.cl\/wp-content\/uploads\/2024\/08\/cropped-cropped-ballers2-32x32.png 32w\" sizes=\"auto, (max-width: 512px) 100vw, 512px\" \/><\/figure>\n\n\n\n<h2 class=\"wp-block-heading\">Los Jugadores del Mes <\/h2>\n<\/div>\n\n\n\n<p>Esta secci\u00f3n elegiremos a los jugadores destacados por cada mes del a\u00f1o en cada categor\u00eda. <\/p>\n","protected":false},"excerpt":{"rendered":"<p>Los Jugadores del Mes Esta secci\u00f3n elegiremos a los jugadores destacados por cada mes del a\u00f1o en cada categor\u00eda.<\/p>\n","protected":false},"author":1,"featured_media":0,"parent":0,"menu_order":0,"comment_status":"closed","ping_status":"closed","template":"","meta":{"_uag_custom_page_level_css":"","footnotes":""},"class_list":["post-124","page","type-page","status-publish","hentry"],"yoast_head":"<!-- This site is optimized with the Yoast SEO plugin v25.9 - https:\/\/yoast.com\/wordpress\/plugins\/seo\/ -->\n<title>MVP - Club de Basquetball Santiago Ballers Macul<\/title>\n<meta name=\"robots\" content=\"index, follow, max-snippet:-1, max-image-preview:large, max-video-preview:-1\" \/>\n<link rel=\"canonical\" href=\"https:\/\/santiagoballers.cl\/index.php\/mvp\/\" \/>\n<meta property=\"og:locale\" content=\"es_ES\" \/>\n<meta property=\"og:type\" content=\"article\" \/>\n<meta property=\"og:title\" content=\"MVP - Club de Basquetball Santiago Ballers Macul\" \/>\n<meta property=\"og:description\" content=\"Los Jugadores del Mes Esta secci\u00f3n elegiremos a los jugadores destacados por cada mes del a\u00f1o en cada categor\u00eda.\" \/>\n<meta property=\"og:url\" content=\"https:\/\/santiagoballers.cl\/index.php\/mvp\/\" \/>\n<meta property=\"og:site_name\" content=\"Club de Basquetball Santiago Ballers Macul\" \/>\n<meta property=\"article:modified_time\" content=\"2024-08-23T17:07:03+00:00\" \/>\n<meta property=\"og:image\" content=\"https:\/\/santiagoballers.cl\/wp-content\/uploads\/2024\/08\/cropped-cropped-ballers2.png\" \/>\n<meta name=\"twitter:card\" content=\"summary_large_image\" \/>\n<meta name=\"twitter:label1\" content=\"Tiempo estimado de lectura\" \/>\n\t<meta name=\"twitter:data1\" content=\"1 minuto\" \/>\n<script type=\"application\/ld+json\" class=\"yoast-schema-graph\">{\"@context\":\"https:\/\/schema.org\",\"@graph\":[{\"@type\":\"WebPage\",\"@id\":\"https:\/\/santiagoballers.cl\/index.php\/mvp\/\",\"url\":\"https:\/\/santiagoballers.cl\/index.php\/mvp\/\",\"name\":\"MVP - Club de Basquetball Santiago Ballers Macul\",\"isPartOf\":{\"@id\":\"https:\/\/santiagoballers.cl\/#website\"},\"primaryImageOfPage\":{\"@id\":\"https:\/\/santiagoballers.cl\/index.php\/mvp\/#primaryimage\"},\"image\":{\"@id\":\"https:\/\/santiagoballers.cl\/index.php\/mvp\/#primaryimage\"},\"thumbnailUrl\":\"https:\/\/santiagoballers.cl\/wp-content\/uploads\/2024\/08\/cropped-cropped-ballers2.png\",\"datePublished\":\"2024-08-23T17:00:55+00:00\",\"dateModified\":\"2024-08-23T17:07:03+00:00\",\"breadcrumb\":{\"@id\":\"https:\/\/santiagoballers.cl\/index.php\/mvp\/#breadcrumb\"},\"inLanguage\":\"es-CL\",\"potentialAction\":[{\"@type\":\"ReadAction\",\"target\":[\"https:\/\/santiagoballers.cl\/index.php\/mvp\/\"]}]},{\"@type\":\"ImageObject\",\"inLanguage\":\"es-CL\",\"@id\":\"https:\/\/santiagoballers.cl\/index.php\/mvp\/#primaryimage\",\"url\":\"https:\/\/santiagoballers.cl\/wp-content\/uploads\/2024\/08\/cropped-cropped-ballers2.png\",\"contentUrl\":\"https:\/\/santiagoballers.cl\/wp-content\/uploads\/2024\/08\/cropped-cropped-ballers2.png\",\"width\":512,\"height\":512},{\"@type\":\"BreadcrumbList\",\"@id\":\"https:\/\/santiagoballers.cl\/index.php\/mvp\/#breadcrumb\",\"itemListElement\":[{\"@type\":\"ListItem\",\"position\":1,\"name\":\"Portada\",\"item\":\"https:\/\/santiagoballers.cl\/\"},{\"@type\":\"ListItem\",\"position\":2,\"name\":\"MVP\"}]},{\"@type\":\"WebSite\",\"@id\":\"https:\/\/santiagoballers.cl\/#website\",\"url\":\"https:\/\/santiagoballers.cl\/\",\"name\":\"Club de Basquetball Santiago Ballers Macul\",\"description\":\"Direccion: Los Profetas 3987, Macul Telefono +56-959118186\",\"publisher\":{\"@id\":\"https:\/\/santiagoballers.cl\/#organization\"},\"potentialAction\":[{\"@type\":\"SearchAction\",\"target\":{\"@type\":\"EntryPoint\",\"urlTemplate\":\"https:\/\/santiagoballers.cl\/?s={search_term_string}\"},\"query-input\":{\"@type\":\"PropertyValueSpecification\",\"valueRequired\":true,\"valueName\":\"search_term_string\"}}],\"inLanguage\":\"es-CL\"},{\"@type\":\"Organization\",\"@id\":\"https:\/\/santiagoballers.cl\/#organization\",\"name\":\"Club de Basquetball Santiago Ballers Macul\",\"url\":\"https:\/\/santiagoballers.cl\/\",\"logo\":{\"@type\":\"ImageObject\",\"inLanguage\":\"es-CL\",\"@id\":\"https:\/\/santiagoballers.cl\/#\/schema\/logo\/image\/\",\"url\":\"https:\/\/santiagoballers.cl\/wp-content\/uploads\/2024\/08\/cropped-cropped-loga_ballers_act.png\",\"contentUrl\":\"https:\/\/santiagoballers.cl\/wp-content\/uploads\/2024\/08\/cropped-cropped-loga_ballers_act.png\",\"width\":210,\"height\":313,\"caption\":\"Club de Basquetball Santiago Ballers Macul\"},\"image\":{\"@id\":\"https:\/\/santiagoballers.cl\/#\/schema\/logo\/image\/\"}}]}<\/script>\n<!-- \/ Yoast SEO plugin. -->","yoast_head_json":{"title":"MVP - Club de Basquetball Santiago Ballers Macul","robots":{"index":"index","follow":"follow","max-snippet":"max-snippet:-1","max-image-preview":"max-image-preview:large","max-video-preview":"max-video-preview:-1"},"canonical":"https:\/\/santiagoballers.cl\/index.php\/mvp\/","og_locale":"es_ES","og_type":"article","og_title":"MVP - Club de Basquetball Santiago Ballers Macul","og_description":"Los Jugadores del Mes Esta secci\u00f3n elegiremos a los jugadores destacados por cada mes del a\u00f1o en cada categor\u00eda.","og_url":"https:\/\/santiagoballers.cl\/index.php\/mvp\/","og_site_name":"Club de Basquetball Santiago Ballers Macul","article_modified_time":"2024-08-23T17:07:03+00:00","og_image":[{"url":"https:\/\/santiagoballers.cl\/wp-content\/uploads\/2024\/08\/cropped-cropped-ballers2.png","type":"","width":"","height":""}],"twitter_card":"summary_large_image","twitter_misc":{"Tiempo estimado de lectura":"1 minuto"},"schema":{"@context":"https:\/\/schema.org","@graph":[{"@type":"WebPage","@id":"https:\/\/santiagoballers.cl\/index.php\/mvp\/","url":"https:\/\/santiagoballers.cl\/index.php\/mvp\/","name":"MVP - Club de Basquetball Santiago Ballers Macul","isPartOf":{"@id":"https:\/\/santiagoballers.cl\/#website"},"primaryImageOfPage":{"@id":"https:\/\/santiagoballers.cl\/index.php\/mvp\/#primaryimage"},"image":{"@id":"https:\/\/santiagoballers.cl\/index.php\/mvp\/#primaryimage"},"thumbnailUrl":"https:\/\/santiagoballers.cl\/wp-content\/uploads\/2024\/08\/cropped-cropped-ballers2.png","datePublished":"2024-08-23T17:00:55+00:00","dateModified":"2024-08-23T17:07:03+00:00","breadcrumb":{"@id":"https:\/\/santiagoballers.cl\/index.php\/mvp\/#breadcrumb"},"inLanguage":"es-CL","potentialAction":[{"@type":"ReadAction","target":["https:\/\/santiagoballers.cl\/index.php\/mvp\/"]}]},{"@type":"ImageObject","inLanguage":"es-CL","@id":"https:\/\/santiagoballers.cl\/index.php\/mvp\/#primaryimage","url":"https:\/\/santiagoballers.cl\/wp-content\/uploads\/2024\/08\/cropped-cropped-ballers2.png","contentUrl":"https:\/\/santiagoballers.cl\/wp-content\/uploads\/2024\/08\/cropped-cropped-ballers2.png","width":512,"height":512},{"@type":"BreadcrumbList","@id":"https:\/\/santiagoballers.cl\/index.php\/mvp\/#breadcrumb","itemListElement":[{"@type":"ListItem","position":1,"name":"Portada","item":"https:\/\/santiagoballers.cl\/"},{"@type":"ListItem","position":2,"name":"MVP"}]},{"@type":"WebSite","@id":"https:\/\/santiagoballers.cl\/#website","url":"https:\/\/santiagoballers.cl\/","name":"Club de Basquetball Santiago Ballers Macul","description":"Direccion: Los Profetas 3987, Macul Telefono +56-959118186","publisher":{"@id":"https:\/\/santiagoballers.cl\/#organization"},"potentialAction":[{"@type":"SearchAction","target":{"@type":"EntryPoint","urlTemplate":"https:\/\/santiagoballers.cl\/?s={search_term_string}"},"query-input":{"@type":"PropertyValueSpecification","valueRequired":true,"valueName":"search_term_string"}}],"inLanguage":"es-CL"},{"@type":"Organization","@id":"https:\/\/santiagoballers.cl\/#organization","name":"Club de Basquetball Santiago Ballers Macul","url":"https:\/\/santiagoballers.cl\/","logo":{"@type":"ImageObject","inLanguage":"es-CL","@id":"https:\/\/santiagoballers.cl\/#\/schema\/logo\/image\/","url":"https:\/\/santiagoballers.cl\/wp-content\/uploads\/2024\/08\/cropped-cropped-loga_ballers_act.png","contentUrl":"https:\/\/santiagoballers.cl\/wp-content\/uploads\/2024\/08\/cropped-cropped-loga_ballers_act.png","width":210,"height":313,"caption":"Club de Basquetball Santiago Ballers Macul"},"image":{"@id":"https:\/\/santiagoballers.cl\/#\/schema\/logo\/image\/"}}]}},"uagb_featured_image_src":{"full":false,"thumbnail":false,"medium":false,"medium_large":false,"large":false,"1536x1536":false,"2048x2048":false},"uagb_author_info":{"display_name":"admin","author_link":"https:\/\/santiagoballers.cl\/index.php\/author\/admin_c43z0jw9\/"},"uagb_comment_info":0,"uagb_excerpt":"Los Jugadores del Mes Esta secci\u00f3n elegiremos a los jugadores destacados por cada mes del a\u00f1o en cada categor\u00eda.","jetpack_sharing_enabled":true,"_links":{"self":[{"href":"https:\/\/santiagoballers.cl\/index.php\/wp-json\/wp\/v2\/pages\/124","targetHints":{"allow":["GET"]}}],"collection":[{"href":"https:\/\/santiagoballers.cl\/index.php\/wp-json\/wp\/v2\/pages"}],"about":[{"href":"https:\/\/santiagoballers.cl\/index.php\/wp-json\/wp\/v2\/types\/page"}],"author":[{"embeddable":true,"href":"https:\/\/santiagoballers.cl\/index.php\/wp-json\/wp\/v2\/users\/1"}],"replies":[{"embeddable":true,"href":"https:\/\/santiagoballers.cl\/index.php\/wp-json\/wp\/v2\/comments?post=124"}],"version-history":[{"count":3,"href":"https:\/\/santiagoballers.cl\/index.php\/wp-json\/wp\/v2\/pages\/124\/revisions"}],"predecessor-version":[{"id":128,"href":"https:\/\/santiagoballers.cl\/index.php\/wp-json\/wp\/v2\/pages\/124\/revisions\/128"}],"wp:attachment":[{"href":"https:\/\/santiagoballers.cl\/index.php\/wp-json\/wp\/v2\/media?parent=124"}],"curies":[{"name":"wp","href":"https:\/\/api.w.org\/{rel}","templated":true}]}}